{"id":3374,"date":"2024-07-06T10:30:13","date_gmt":"2024-07-06T08:30:13","guid":{"rendered":"http:\/\/helinat.local\/helikopter-do-nagran\/"},"modified":"2024-09-26T13:01:40","modified_gmt":"2024-09-26T11:01:40","slug":"helikopter-do-nagran","status":"publish","type":"page","link":"https:\/\/helinat.pl\/en\/helikopter-do-nagran\/","title":{"rendered":"Helicopter recordings"},"content":{"rendered":"\n<section class=\"taxi-description section max-w-full\">\n<div class=\"taxi-description__inner-container inner-container is-root-container\">\n<div class=\"taxi-description__heading-container container max-w-full\">\n<h2 class=\"taxi-description__heading heading\">Hire a helicopter for TV projects and photo shoots.<\/h2>\n<\/div>\n\n\n\n<div class=\"taxi-description__container container max-w-full\">\n<div class=\"taxi-description__column container text\">\n<p class=\"taxi-description__text text text\">Are you dreaming of cinematic bird&#8217;s-eye shots that will captivate viewers? Are you looking for new perspectives and unusual frames for your production? Perhaps you need to create footage using a helicopter? You have come to the perfect place! Our company offers helicopter hire services for film and photo productions. We can bring your vision and idea to life by providing a helicopter for a production project that is tailored exactly to your needs. We have experience with music videos, TV shows, commercials and photo shoots. Contact us to discuss the details and create a unique production that meets your expectations.<\/p>\n\n\n\n<h2 class=\"taxi-description__subheading heading\">Helicopter flights &#8211; safety, quality and professionalism.<\/h2>\n\n\n\n<p class=\"taxi-description__text text text\">We care about the safety of our clients and provide a professional service at every stage of the production. We have modern, reliable helicopters in perfect working order and experienced pilots, guaranteeing complete safety and comfort at the highest level. Let yourself be amazed by the possibilities offered by the helicopter in creating unique film and photographic shots.<\/p>\n<\/div>\n\n\n\n<div class=\"taxi-description__column container image\">\n<figure class=\"image\"><img loading=\"lazy\" decoding=\"async\" alt=\"Helicopter recordings\" src=\"https:\/\/helinat.pl\/wp-content\/uploads\/2024\/07\/helikopet_do_nagran_section.jpg\" class=\"wp-image-2985\" width=\"1012\" height=\"676\" srcset=\"https:\/\/helinat.pl\/wp-content\/uploads\/2024\/07\/helikopet_do_nagran_section.jpg 1012w, https:\/\/helinat.pl\/wp-content\/uploads\/2024\/07\/helikopet_do_nagran_section-600x401.jpg 600w, https:\/\/helinat.pl\/wp-content\/uploads\/2024\/07\/helikopet_do_nagran_section-768x513.jpg 768w, https:\/\/helinat.pl\/wp-content\/uploads\/2024\/07\/helikopet_do_nagran_section-256x171.jpg 256w, https:\/\/helinat.pl\/wp-content\/uploads\/2024\/07\/helikopet_do_nagran_section-512x342.jpg 512w\" sizes=\"auto, (max-width: 1012px) 100vw, 1012px\" \/><\/figure>\n<\/div>\n<\/div>\n<\/div>\n<\/section>\n\n\n\n<section class=\"service-section section max-w-full\">\n<div class=\"service-section__inner-container inner-container is-root-container\">\n<div class=\"service-section__container container max-w-full\">\n<div class=\"service-section__column container max-w-full image\">\n<figure class=\"image image\"><img loading=\"lazy\" decoding=\"async\" alt=\"Helicopter recordings\" src=\"https:\/\/helinat.pl\/wp-content\/uploads\/2024\/07\/helikopert_service_image.jpg\" class=\"wp-image-2557\" width=\"824\" height=\"550\" srcset=\"https:\/\/helinat.pl\/wp-content\/uploads\/2024\/07\/helikopert_service_image.jpg 824w, https:\/\/helinat.pl\/wp-content\/uploads\/2024\/07\/helikopert_service_image-600x400.jpg 600w, https:\/\/helinat.pl\/wp-content\/uploads\/2024\/07\/helikopert_service_image-768x513.jpg 768w, https:\/\/helinat.pl\/wp-content\/uploads\/2024\/07\/helikopert_service_image-256x171.jpg 256w, https:\/\/helinat.pl\/wp-content\/uploads\/2024\/07\/helikopert_service_image-512x342.jpg 512w\" sizes=\"auto, (max-width: 824px) 100vw, 824px\" \/><\/figure>\n<\/div>\n\n\n\n<div class=\"service-section__column container max-w-full text\">\n<h2 class=\"service-section__subheading heading\">Exceptional bird&#8217;s eye view shots<\/h2>\n\n\n\n<p class=\"service-section__text text\">With our service, you can get unique bird&#8217;s-eye shots that add an attractive and dynamic touch to your project. Certainly, the helicopter is the ideal tool for recording spectacular shots from different angles and heights. With a helicopter, you can commemorate a special event or realise live broadcasts that are impossible to reproduce from any other perspective.<\/p>\n\n\n\n<h2 class=\"service-section__subheading heading\">What kind of footage is created during a helicopter flight?<\/h2>\n\n\n\n<p class=\"service-section__text text\">The footage that is taken during a helicopter flight is often part of a feature-length film, showing spectacular and dynamic action scenes, or showing a city panorama or specific areas from a completely different perspective. In addition, helicopters are increasingly appearing in music videos, advertising spots and photo shoots. These are not always exclusively aerial footage, there are often productions that use a helicopter placed on the ground as a prop. In any case, helicopters can significantly enhance and differentiate your footage from traditional projects. <\/p>\n<\/div>\n<\/div>\n<\/div>\n<\/section>\n\n\n\n<section class=\"gallery-section section max-w-full\">\n<div class=\"gallery-section__inner-container inner-container is-root-container\">\n<div class=\"gallery-section__container container max-w-full\">\n<div class=\"gallery-section__background-container container\"><\/div>\n\n\n\n<div class=\"gallery-section__tagline-container container\">\n<p class=\"gallery-section--tagline tagline txt-undefined\">photo gallery<\/p>\n\n\n\n<hr class=\"separator mt-8 mb-8 gallery-line\"\/>\n<\/div>\n\n\n\n<div class=\"gallery-section__gallery-container container max-w-full\">\r\n<div class=\"gallery scroll-animated-up\"\r\n    >\r\n\r\n    <div class=\"swiper slider-gallery gallery__container\">\r\n        \r\n        <ul class=\"gallery__list swiper-wrapper gallery__list\">\r\n                        <li class=\"swiper-slide gallery__item scroll-animated-right\">\r\n\r\n                                <img decoding=\"async\" class=\"gallery__image\" src=\"https:\/\/helinat.pl\/wp-content\/uploads\/2024\/07\/helikopert_do_nagran_image1.jpg\"\r\n                    alt=\"helikopert_do_nagran\" \/>\r\n                \r\n\r\n            <\/li>\r\n                        <li class=\"swiper-slide gallery__item scroll-animated-right\">\r\n\r\n                                <img decoding=\"async\" class=\"gallery__image\" src=\"https:\/\/helinat.pl\/wp-content\/uploads\/2024\/07\/helikopert_do_nagran_image2.jpg\"\r\n                    alt=\"\u015bmig\u0142owiec do nagra\u0144\" \/>\r\n                \r\n\r\n            <\/li>\r\n                        <li class=\"swiper-slide gallery__item scroll-animated-right\">\r\n\r\n                                <img decoding=\"async\" class=\"gallery__image\" src=\"https:\/\/helinat.pl\/wp-content\/uploads\/2024\/07\/helikopert_do_nagran_image3.jpg\"\r\n                    alt=\"\u015bmig\u0142owiec do nagra\u0144 - robinson r66\" \/>\r\n                \r\n\r\n            <\/li>\r\n                        <li class=\"swiper-slide gallery__item scroll-animated-right\">\r\n\r\n                                <img decoding=\"async\" class=\"gallery__image\" src=\"https:\/\/helinat.pl\/wp-content\/uploads\/2024\/07\/helikopter_do_nagran_gallery.jpg\"\r\n                    alt=\"helikopter_do_nagran\" \/>\r\n                \r\n\r\n            <\/li>\r\n                    <\/ul>\r\n            <\/div>\r\n\r\n    <div class=\"gallery__pagination\">\r\n        <div class=\"swiper-pagination-gallery\"><\/div>\r\n    <\/div>\r\n    <div class=\"gallery__navigation\">\r\n\r\n        <div class=\"swiper-button-next-gallery\"><\/div>\r\n        <div class=\"swiper-button-prev-gallery\"><\/div>\r\n    <\/div>\r\n<\/div><\/div>\n<\/div>\n<\/div>\n<\/section>\n\n\n\n<section class=\"contact-block section max-w-full\">\n<div class=\"contact-block__inner-container inner-container is-root-container\">\n<div class=\"contact-block__container container max-w-full\">\n<div class=\"contact-block__column container left\">\n<div class=\"contact-block__tagline-container container\">\n<p class=\"contact-block--tagline tagline txt-undefined\">contact<\/p>\n\n\n\n<hr class=\"separator mt-8 mb-8 contact-block-line\"\/>\n<\/div>\n\n\n\n<figure class=\"image scroll-animated-left\"><img loading=\"lazy\" decoding=\"async\" alt=\"Helicopter recordings\" src=\"https:\/\/helinat.pl\/wp-content\/uploads\/2024\/04\/jon-ly-LK12XVJw2PQ-unsplash.jpg\" class=\"wp-image-291\" width=\"397\" height=\"707\" srcset=\"https:\/\/helinat.pl\/wp-content\/uploads\/2024\/04\/jon-ly-LK12XVJw2PQ-unsplash.jpg 397w, https:\/\/helinat.pl\/wp-content\/uploads\/2024\/04\/jon-ly-LK12XVJw2PQ-unsplash-256x456.jpg 256w\" sizes=\"auto, (max-width: 397px) 100vw, 397px\" \/><\/figure>\n<\/div>\n\n\n\n<div class=\"contact-block__column container right\">\n<h2 class=\"contact-block__heading heading revealUp\">Contact us<\/h2>\n\n\n\n<div class=\"wpcf7 no-js\" id=\"wpcf7-f3650-o1\" lang=\"en-US\" dir=\"ltr\" data-wpcf7-id=\"3650\">\n<div class=\"screen-reader-response\"><p role=\"status\" aria-live=\"polite\" aria-atomic=\"true\"><\/p> <ul><\/ul><\/div>\n<form action=\"\/en\/wp-json\/wp\/v2\/pages\/3374#wpcf7-f3650-o1\" method=\"post\" class=\"wpcf7-form init\" aria-label=\"Contact form\" novalidate=\"novalidate\" data-status=\"init\">\n<fieldset class=\"hidden-fields-container\"><input type=\"hidden\" name=\"_wpcf7\" value=\"3650\" \/><input type=\"hidden\" name=\"_wpcf7_version\" value=\"6.1.5\" \/><input type=\"hidden\" name=\"_wpcf7_locale\" value=\"en_US\" \/><input type=\"hidden\" name=\"_wpcf7_unit_tag\" value=\"wpcf7-f3650-o1\" \/><input type=\"hidden\" name=\"_wpcf7_container_post\" value=\"0\" \/><input type=\"hidden\" name=\"_wpcf7_posted_data_hash\" value=\"\" \/><input type=\"hidden\" name=\"_wpcf7_recaptcha_response\" value=\"\" \/>\n<\/fieldset>\n<div class=\"form-control\">\n    <span class=\"wpcf7-form-control-wrap\" data-name=\"your-name\"><input size=\"40\" maxlength=\"400\" class=\"wpcf7-form-control wpcf7-text wpcf7-validates-as-required\" aria-required=\"true\" aria-invalid=\"false\" placeholder=\"Name\" value=\"\" type=\"text\" name=\"your-name\" \/><\/span> <\/div>\n\n<div class=\"form-control\"> \n    <span class=\"wpcf7-form-control-wrap\" data-name=\"your-email\"><input size=\"40\" maxlength=\"400\" class=\"wpcf7-form-control wpcf7-email wpcf7-validates-as-required wpcf7-text wpcf7-validates-as-email\" aria-required=\"true\" aria-invalid=\"false\" placeholder=\"e-mail\" value=\"\" type=\"email\" name=\"your-email\" \/><\/span> <\/div>\n\n<div class=\"form-control form-textarea\">\n    <span class=\"wpcf7-form-control-wrap\" data-name=\"your-message\"><textarea cols=\"40\" rows=\"10\" maxlength=\"2000\" class=\"wpcf7-form-control wpcf7-textarea wpcf7-validates-as-required\" aria-required=\"true\" aria-invalid=\"false\" placeholder=\"Message\" name=\"your-message\"><\/textarea><\/span> <\/div>\n\n<span id=\"wpcf7-69e3410d96052-wrapper\" class=\"wpcf7-form-control-wrap email-wrap\" style=\"display:none !important; visibility:hidden !important;\"><label for=\"wpcf7-69e3410d96052-field\" class=\"hp-message\">Please leave this field empty.<\/label><input id=\"wpcf7-69e3410d96052-field\"  class=\"wpcf7-form-control wpcf7-text\" type=\"text\" name=\"email\" value=\"\" size=\"40\" tabindex=\"-1\" autocomplete=\"new-password\" \/><\/span>\n<div class=\"form-acceptance\">\n<span class=\"wpcf7-form-control-wrap\" data-name=\"acceptance-999\"><span class=\"wpcf7-form-control wpcf7-acceptance\"><span class=\"wpcf7-list-item\"><label><input type=\"checkbox\" name=\"acceptance-999\" value=\"1\" aria-invalid=\"false\" \/><span class=\"wpcf7-list-item-label\">I agree to the processing of my personal data in accordance with the Personal Data Protection Act in connection with sending an enquiry via the contact form. The provision of data is voluntary, but necessary to process the enquiry. I have been informed that I have the right to access my data, the possibility to correct it, to request to stop processing it. The administrator of the personal data is Helinat sp\u00f3\u0142ka z o.o.<\/span><\/label><\/span><\/span><\/span><\/div>\n\n<button type=\"submit\" class=\"wpcf7-submit\">Send<\/button>\n<div class=\"custom-spinner\"><\/div><p style=\"display: none !important;\" class=\"akismet-fields-container\" data-prefix=\"_wpcf7_ak_\"><label>&#916;<textarea name=\"_wpcf7_ak_hp_textarea\" cols=\"45\" rows=\"8\" maxlength=\"100\"><\/textarea><\/label><input type=\"hidden\" id=\"ak_js_1\" name=\"_wpcf7_ak_js\" value=\"122\"\/><script>document.getElementById( \"ak_js_1\" ).setAttribute( \"value\", ( new Date() ).getTime() );<\/script><\/p><input type=\"text\" name=\"lI3vT\" value=\"\" style=\"display: none !important;\" \/><div class=\"wpcf7-response-output\" aria-hidden=\"true\"><\/div>\n<\/form>\n<\/div>\n\n<\/div>\n<\/div>\n<\/div>\n<\/section>\n\n\n\n<section class=\"news-section section max-w-full\">\n<div class=\"news-section__inner-container inner-container is-root-container\">\n<section class=\"news section max-w-full\"\n    >\n\n    <div class=\"news__headline-container \">\n        <h2 class=\"news__heading revealUp\">News<\/h2>\n        <div class=\"news__button-container news__button-container--desktop\">\n            <a class=\"button news__button news__button--desktop\"\n                href=\"https:\/\/helinat.pl\/en\/blog\/\">See all<\/a>\n        <\/div>\n    <\/div>\n\n    <div class=\"news__container\">\n        <div class=\"news__column left scroll-animated-left\">\n\n            \n            <article class=\"news__item news__item--big\">\n                <a href=\"https:\/\/helinat.pl\/en\/lot-helikopterem-nad-stolica\/\" class=\"news__image\" rel=\"bookmark\">\n                    <img loading=\"lazy\" decoding=\"async\" width=\"959\" height=\"629\" src=\"https:\/\/helinat.pl\/wp-content\/uploads\/2024\/05\/lot_nad_warszawa_post.jpg\" class=\"parallax-image wp-post-image\" alt=\"lot_nad_warszawa\" srcset=\"https:\/\/helinat.pl\/wp-content\/uploads\/2024\/05\/lot_nad_warszawa_post.jpg 959w, https:\/\/helinat.pl\/wp-content\/uploads\/2024\/05\/lot_nad_warszawa_post-600x394.jpg 600w, https:\/\/helinat.pl\/wp-content\/uploads\/2024\/05\/lot_nad_warszawa_post-768x504.jpg 768w, https:\/\/helinat.pl\/wp-content\/uploads\/2024\/05\/lot_nad_warszawa_post-256x168.jpg 256w, https:\/\/helinat.pl\/wp-content\/uploads\/2024\/05\/lot_nad_warszawa_post-512x336.jpg 512w\" sizes=\"auto, (max-width: 959px) 100vw, 959px\" \/>                <\/a>\n\n                <h3 class=\"news__title\">\n                    <a href=\"https:\/\/helinat.pl\/en\/lot-helikopterem-nad-stolica\/\"\n                        rel=\"bookmark\">A helicopter flight over the capital. <\/a>\n                <\/h3>\n\n            <\/article>\n            \n                    <\/div>\n\n        <div class=\"news__column right \">\n\n            \n                        <article class=\"news__item news__item--small scroll-animated-right\">\n                <a href=\"https:\/\/helinat.pl\/en\/dlaczego-lot-helikopterem-to-dobry-wybor\/\" class=\"news__image\">\n                    <img loading=\"lazy\" decoding=\"async\" width=\"959\" height=\"629\" src=\"https:\/\/helinat.pl\/wp-content\/uploads\/2024\/05\/blog_post4.jpg\" class=\"parallax-image wp-post-image\" alt=\"Egzamin teoretyczny do uzyskania licencji pilota helikoptera.\" srcset=\"https:\/\/helinat.pl\/wp-content\/uploads\/2024\/05\/blog_post4.jpg 959w, https:\/\/helinat.pl\/wp-content\/uploads\/2024\/05\/blog_post4-600x394.jpg 600w, https:\/\/helinat.pl\/wp-content\/uploads\/2024\/05\/blog_post4-768x504.jpg 768w, https:\/\/helinat.pl\/wp-content\/uploads\/2024\/05\/blog_post4-256x168.jpg 256w, https:\/\/helinat.pl\/wp-content\/uploads\/2024\/05\/blog_post4-512x336.jpg 512w\" sizes=\"auto, (max-width: 959px) 100vw, 959px\" \/>                <\/a>\n                <h3 class=\"news__title\"> <a\n                        href=\"https:\/\/helinat.pl\/en\/dlaczego-lot-helikopterem-to-dobry-wybor\/\">Why is a helicopter flight a good choice?<\/a><\/h3>\n\n            <\/article>\n                        <article class=\"news__item news__item--small scroll-animated-right\">\n                <a href=\"https:\/\/helinat.pl\/en\/lot-zapoznawczy-smiglowcem\/\" class=\"news__image\">\n                    <img loading=\"lazy\" decoding=\"async\" width=\"959\" height=\"629\" src=\"https:\/\/helinat.pl\/wp-content\/uploads\/2024\/04\/blog_post1.jpg\" class=\"parallax-image wp-post-image\" alt=\"lot zapoznawczy \u015bmig\u0142owcem R66\" srcset=\"https:\/\/helinat.pl\/wp-content\/uploads\/2024\/04\/blog_post1.jpg 959w, https:\/\/helinat.pl\/wp-content\/uploads\/2024\/04\/blog_post1-600x394.jpg 600w, https:\/\/helinat.pl\/wp-content\/uploads\/2024\/04\/blog_post1-768x504.jpg 768w, https:\/\/helinat.pl\/wp-content\/uploads\/2024\/04\/blog_post1-256x168.jpg 256w, https:\/\/helinat.pl\/wp-content\/uploads\/2024\/04\/blog_post1-512x336.jpg 512w\" sizes=\"auto, (max-width: 959px) 100vw, 959px\" \/>                <\/a>\n                <h3 class=\"news__title\"> <a\n                        href=\"https:\/\/helinat.pl\/en\/lot-zapoznawczy-smiglowcem\/\">Familiarisation flight by helicopter.<\/a><\/h3>\n\n            <\/article>\n                                <\/div>\n    <\/div>\n\n    <div class=\"news__button-container news__button-container--mobile\">\n        <a class=\"button news__button\" href=\"https:\/\/helinat.pl\/en\/blog\/\">Zobacz wszystkie<\/a>\n    <\/div>\n\n<\/section><\/div>\n<\/section>\n","protected":false},"excerpt":{"rendered":"","protected":false},"author":1,"featured_media":0,"parent":0,"menu_order":0,"comment_status":"closed","ping_status":"closed","template":"","meta":{"_acf_changed":false,"footnotes":""},"class_list":["post-3374","page","type-page","status-publish","hentry"],"acf":[],"yoast_head":"<!-- This site is optimized with the Yoast SEO plugin v27.3 - https:\/\/yoast.com\/product\/yoast-seo-wordpress\/ -->\n<title>Helicopter for Recording \u2013 Professional Aerial Filming | Helinat<\/title>\n<meta name=\"description\" content=\"Helicopter for film and photography recordings. Helinat offers professional helicopter services for film productions and photo shoots, providing you with high-quality aerial footage and photography tailored to your project needs.\" \/>\n<meta name=\"robots\" content=\"index, follow, max-snippet:-1, max-image-preview:large, max-video-preview:-1\" \/>\n<link rel=\"canonical\" href=\"https:\/\/helinat.pl\/en\/helikopter-do-nagran\/\" \/>\n<meta property=\"og:locale\" content=\"en_US\" \/>\n<meta property=\"og:type\" content=\"article\" \/>\n<meta property=\"og:title\" content=\"Helicopter for Recording \u2013 Professional Aerial Filming | Helinat\" \/>\n<meta property=\"og:description\" content=\"Helicopter for film and photography recordings. Helinat offers professional helicopter services for film productions and photo shoots, providing you with high-quality aerial footage and photography tailored to your project needs.\" \/>\n<meta property=\"og:url\" content=\"https:\/\/helinat.pl\/en\/helikopter-do-nagran\/\" \/>\n<meta property=\"og:site_name\" content=\"Helinat\" \/>\n<meta property=\"article:publisher\" content=\"https:\/\/www.facebook.com\/people\/Helinat\/100069106411008\/\" \/>\n<meta property=\"article:modified_time\" content=\"2024-09-26T11:01:40+00:00\" \/>\n<meta property=\"og:image\" content=\"https:\/\/helinat.pl\/wp-content\/uploads\/2024\/07\/helikopet_do_nagran_section.jpg\" \/>\n<meta name=\"twitter:card\" content=\"summary_large_image\" \/>\n<meta name=\"twitter:label1\" content=\"Est. reading time\" \/>\n\t<meta name=\"twitter:data1\" content=\"3 minutes\" \/>\n<script type=\"application\/ld+json\" class=\"yoast-schema-graph\">{\"@context\":\"https:\\\/\\\/schema.org\",\"@graph\":[{\"@type\":\"WebPage\",\"@id\":\"https:\\\/\\\/helinat.pl\\\/en\\\/helikopter-do-nagran\\\/\",\"url\":\"https:\\\/\\\/helinat.pl\\\/en\\\/helikopter-do-nagran\\\/\",\"name\":\"Helicopter for Recording \u2013 Professional Aerial Filming | Helinat\",\"isPartOf\":{\"@id\":\"https:\\\/\\\/helinat.pl\\\/#website\"},\"primaryImageOfPage\":{\"@id\":\"https:\\\/\\\/helinat.pl\\\/en\\\/helikopter-do-nagran\\\/#primaryimage\"},\"image\":{\"@id\":\"https:\\\/\\\/helinat.pl\\\/en\\\/helikopter-do-nagran\\\/#primaryimage\"},\"thumbnailUrl\":\"https:\\\/\\\/helinat.pl\\\/wp-content\\\/uploads\\\/2024\\\/07\\\/helikopet_do_nagran_section.jpg\",\"datePublished\":\"2024-07-06T08:30:13+00:00\",\"dateModified\":\"2024-09-26T11:01:40+00:00\",\"description\":\"Helicopter for film and photography recordings. Helinat offers professional helicopter services for film productions and photo shoots, providing you with high-quality aerial footage and photography tailored to your project needs.\",\"breadcrumb\":{\"@id\":\"https:\\\/\\\/helinat.pl\\\/en\\\/helikopter-do-nagran\\\/#breadcrumb\"},\"inLanguage\":\"en-US\",\"potentialAction\":[{\"@type\":\"ReadAction\",\"target\":[\"https:\\\/\\\/helinat.pl\\\/en\\\/helikopter-do-nagran\\\/\"]}]},{\"@type\":\"ImageObject\",\"inLanguage\":\"en-US\",\"@id\":\"https:\\\/\\\/helinat.pl\\\/en\\\/helikopter-do-nagran\\\/#primaryimage\",\"url\":\"https:\\\/\\\/helinat.pl\\\/wp-content\\\/uploads\\\/2024\\\/07\\\/helikopet_do_nagran_section.jpg\",\"contentUrl\":\"https:\\\/\\\/helinat.pl\\\/wp-content\\\/uploads\\\/2024\\\/07\\\/helikopet_do_nagran_section.jpg\"},{\"@type\":\"BreadcrumbList\",\"@id\":\"https:\\\/\\\/helinat.pl\\\/en\\\/helikopter-do-nagran\\\/#breadcrumb\",\"itemListElement\":[{\"@type\":\"ListItem\",\"position\":1,\"name\":\"Home\",\"item\":\"https:\\\/\\\/helinat.pl\\\/en\\\/\"},{\"@type\":\"ListItem\",\"position\":2,\"name\":\"Helicopter recordings\"}]},{\"@type\":\"WebSite\",\"@id\":\"https:\\\/\\\/helinat.pl\\\/#website\",\"url\":\"https:\\\/\\\/helinat.pl\\\/\",\"name\":\"Helinat\",\"description\":\"\",\"potentialAction\":[{\"@type\":\"SearchAction\",\"target\":{\"@type\":\"EntryPoint\",\"urlTemplate\":\"https:\\\/\\\/helinat.pl\\\/?s={search_term_string}\"},\"query-input\":{\"@type\":\"PropertyValueSpecification\",\"valueRequired\":true,\"valueName\":\"search_term_string\"}}],\"inLanguage\":\"en-US\"}]}<\/script>\n<!-- \/ Yoast SEO plugin. -->","yoast_head_json":{"title":"Helicopter for Recording \u2013 Professional Aerial Filming | Helinat","description":"Helicopter for film and photography recordings. Helinat offers professional helicopter services for film productions and photo shoots, providing you with high-quality aerial footage and photography tailored to your project needs.","robots":{"index":"index","follow":"follow","max-snippet":"max-snippet:-1","max-image-preview":"max-image-preview:large","max-video-preview":"max-video-preview:-1"},"canonical":"https:\/\/helinat.pl\/en\/helikopter-do-nagran\/","og_locale":"en_US","og_type":"article","og_title":"Helicopter for Recording \u2013 Professional Aerial Filming | Helinat","og_description":"Helicopter for film and photography recordings. Helinat offers professional helicopter services for film productions and photo shoots, providing you with high-quality aerial footage and photography tailored to your project needs.","og_url":"https:\/\/helinat.pl\/en\/helikopter-do-nagran\/","og_site_name":"Helinat","article_publisher":"https:\/\/www.facebook.com\/people\/Helinat\/100069106411008\/","article_modified_time":"2024-09-26T11:01:40+00:00","og_image":[{"url":"https:\/\/helinat.pl\/wp-content\/uploads\/2024\/07\/helikopet_do_nagran_section.jpg","type":"","width":"","height":""}],"twitter_card":"summary_large_image","twitter_misc":{"Est. reading time":"3 minutes"},"schema":{"@context":"https:\/\/schema.org","@graph":[{"@type":"WebPage","@id":"https:\/\/helinat.pl\/en\/helikopter-do-nagran\/","url":"https:\/\/helinat.pl\/en\/helikopter-do-nagran\/","name":"Helicopter for Recording \u2013 Professional Aerial Filming | Helinat","isPartOf":{"@id":"https:\/\/helinat.pl\/#website"},"primaryImageOfPage":{"@id":"https:\/\/helinat.pl\/en\/helikopter-do-nagran\/#primaryimage"},"image":{"@id":"https:\/\/helinat.pl\/en\/helikopter-do-nagran\/#primaryimage"},"thumbnailUrl":"https:\/\/helinat.pl\/wp-content\/uploads\/2024\/07\/helikopet_do_nagran_section.jpg","datePublished":"2024-07-06T08:30:13+00:00","dateModified":"2024-09-26T11:01:40+00:00","description":"Helicopter for film and photography recordings. Helinat offers professional helicopter services for film productions and photo shoots, providing you with high-quality aerial footage and photography tailored to your project needs.","breadcrumb":{"@id":"https:\/\/helinat.pl\/en\/helikopter-do-nagran\/#breadcrumb"},"inLanguage":"en-US","potentialAction":[{"@type":"ReadAction","target":["https:\/\/helinat.pl\/en\/helikopter-do-nagran\/"]}]},{"@type":"ImageObject","inLanguage":"en-US","@id":"https:\/\/helinat.pl\/en\/helikopter-do-nagran\/#primaryimage","url":"https:\/\/helinat.pl\/wp-content\/uploads\/2024\/07\/helikopet_do_nagran_section.jpg","contentUrl":"https:\/\/helinat.pl\/wp-content\/uploads\/2024\/07\/helikopet_do_nagran_section.jpg"},{"@type":"BreadcrumbList","@id":"https:\/\/helinat.pl\/en\/helikopter-do-nagran\/#breadcrumb","itemListElement":[{"@type":"ListItem","position":1,"name":"Home","item":"https:\/\/helinat.pl\/en\/"},{"@type":"ListItem","position":2,"name":"Helicopter recordings"}]},{"@type":"WebSite","@id":"https:\/\/helinat.pl\/#website","url":"https:\/\/helinat.pl\/","name":"Helinat","description":"","potentialAction":[{"@type":"SearchAction","target":{"@type":"EntryPoint","urlTemplate":"https:\/\/helinat.pl\/?s={search_term_string}"},"query-input":{"@type":"PropertyValueSpecification","valueRequired":true,"valueName":"search_term_string"}}],"inLanguage":"en-US"}]}},"jetpack_sharing_enabled":true,"_links":{"self":[{"href":"https:\/\/helinat.pl\/en\/wp-json\/wp\/v2\/pages\/3374","targetHints":{"allow":["GET"]}}],"collection":[{"href":"https:\/\/helinat.pl\/en\/wp-json\/wp\/v2\/pages"}],"about":[{"href":"https:\/\/helinat.pl\/en\/wp-json\/wp\/v2\/types\/page"}],"author":[{"embeddable":true,"href":"https:\/\/helinat.pl\/en\/wp-json\/wp\/v2\/users\/1"}],"replies":[{"embeddable":true,"href":"https:\/\/helinat.pl\/en\/wp-json\/wp\/v2\/comments?post=3374"}],"version-history":[{"count":0,"href":"https:\/\/helinat.pl\/en\/wp-json\/wp\/v2\/pages\/3374\/revisions"}],"wp:attachment":[{"href":"https:\/\/helinat.pl\/en\/wp-json\/wp\/v2\/media?parent=3374"}],"curies":[{"name":"wp","href":"https:\/\/api.w.org\/{rel}","templated":true}]}}